{"id":50,"date":"2019-03-20T09:44:11","date_gmt":"2019-03-20T09:44:11","guid":{"rendered":"http:\/\/metropolis.hnkvz.hr\/?page_id=50"},"modified":"2023-07-10T13:25:20","modified_gmt":"2023-07-10T13:25:20","slug":"kontakt","status":"publish","type":"page","link":"https:\/\/reuf.eu\/2023\/kontakt\/","title":{"rendered":"Kontakt"},"content":{"rendered":"<p>ODGOVORI NA NAJ\u010cE\u0160\u0106E POSTAVLJANA PITANJA<\/p>\n<p>1. Nemamo mogu\u0107nost rezervacije ulaznica.<br \/>\n2. Za projekcije na Ljetnoj pozornici Tu\u0161kanac besplatne karte preuzimaju se na dan projekcije na blagajni Ljetne pozornice Tu\u0161kanac od 20 sati.<br \/>\n3. Ulaz na sve projekcije u Kinu Metropolis te KC Dubrava i NS Sesvete je slobodan (nema ulaznica), no broj sjedala je ograni\u010den pa pozivamo gledatelje da zauzmu svoja mjesta na vrijeme<br \/>\n4. U slu\u010daju ki\u0161e projekcije na Ljetnoj pozornici Tu\u0161kanac ne\u0107e se odr\u017eati, o \u010demu \u0107e obavijesti biti objavljene na Facebook stranici festivala, no Kino Metropolis reprizirat \u0107e sav program s Letne pozornice Tu\u0161kanac od 19. do 29. srpnja.<\/p>\n\n<div class=\"wpcf7 no-js\" id=\"wpcf7-f57-o1\" lang=\"en-US\" dir=\"ltr\">\n<div class=\"screen-reader-response\"><p role=\"status\" aria-live=\"polite\" aria-atomic=\"true\"><\/p> <ul><\/ul><\/div>\n<form action=\"\/2023\/wp-json\/wp\/v2\/pages\/50#wpcf7-f57-o1\" method=\"post\" class=\"wpcf7-form init\" aria-label=\"Contact form\" novalidate=\"novalidate\" data-status=\"init\">\n<div style=\"display: none;\">\n<input type=\"hidden\" name=\"_wpcf7\" value=\"57\" \/>\n<input type=\"hidden\" name=\"_wpcf7_version\" value=\"5.9.8\" \/>\n<input type=\"hidden\" name=\"_wpcf7_locale\" value=\"en_US\" \/>\n<input type=\"hidden\" name=\"_wpcf7_unit_tag\" value=\"wpcf7-f57-o1\" \/>\n<input type=\"hidden\" name=\"_wpcf7_container_post\" value=\"0\" \/>\n<input type=\"hidden\" name=\"_wpcf7_posted_data_hash\" value=\"\" \/>\n<\/div>\n<div class=\"row\">\n\t<div class=\"col-md-6\">\n\t\t<div class=\"form-group\">\n\t\t\t<p><span class=\"wpcf7-form-control-wrap\" data-name=\"your-name\"><input size=\"40\" maxlength=\"400\" class=\"wpcf7-form-control wpcf7-text wpcf7-validates-as-required\" aria-required=\"true\" aria-invalid=\"false\" value=\"Ime i prezime*\" type=\"text\" name=\"your-name\" \/><\/span>\n\t\t\t<\/p>\n\t\t<\/div>\n\t<\/div>\n\t<div class=\"col-md-6\">\n\t\t<div class=\"form-group\">\n\t\t\t<p><span class=\"wpcf7-form-control-wrap\" data-name=\"your-email\"><input size=\"40\" maxlength=\"400\" class=\"wpcf7-form-control wpcf7-email wpcf7-validates-as-required wpcf7-text wpcf7-validates-as-email\" aria-required=\"true\" aria-invalid=\"false\" value=\"Email*\" type=\"email\" name=\"your-email\" \/><\/span>\n\t\t\t<\/p>\n\t\t<\/div>\n\t<\/div>\n<\/div>\n<div class=\"row\">\n\t<div class=\"col-md-12\">\n\t\t<div class=\"form-group\">\n\t\t\t<p><span class=\"wpcf7-form-control-wrap\" data-name=\"your-message\"><textarea cols=\"40\" rows=\"10\" maxlength=\"2000\" class=\"wpcf7-form-control wpcf7-textarea\" aria-invalid=\"false\" name=\"your-message\">Poruka<\/textarea><\/span>\n\t\t\t<\/p>\n\t\t<\/div>\n\t\t<div class=\"form-group af-inner\">\n\t\t\t<p><span class=\"wpcf7-form-control-wrap\" data-name=\"acceptance-89\"><span class=\"wpcf7-form-control wpcf7-acceptance\"><span class=\"wpcf7-list-item\"><label><input type=\"checkbox\" name=\"acceptance-89\" value=\"1\" aria-invalid=\"false\" \/><span class=\"wpcf7-list-item-label\">Prihva\u0107am <a href=\"\/politika-privatnosti\/\" target=\"_blank\">Izjavu o privatnosti i povjerljivosti<\/a><\/span><\/label><\/span><\/span><\/span>\n\t\t\t<\/p>\n\t\t<\/div>\n\t\t<p><input class=\"wpcf7-form-control wpcf7-submit has-spinner btn btn-primary btn-lg\" type=\"submit\" value=\"Po\u0161alji\" \/>\n\t\t<\/p>\n\t<\/div>\n<\/div><div class=\"wpcf7-response-output\" aria-hidden=\"true\"><\/div>\n<\/form>\n<\/div>\n\n","protected":false},"excerpt":{"rendered":"<p>ODGOVORI NA NAJ\u010cE\u0160\u0106E POSTAVLJANA PITANJA 1. Nemamo mogu\u0107nost rezervacije ulaznica. 2. Za projekcije na Ljetnoj pozornici Tu\u0161kanac besplatne karte preuzimaju se na dan projekcije na blagajni Ljetne pozornice Tu\u0161kanac od 20 sati. 3. Ulaz na sve projekcije u Kinu Metropolis te KC Dubrava i NS Sesvete je slobodan (nema ulaznica), no broj sjedala je ograni\u010den&#8230;<\/p>\n","protected":false},"author":2,"featured_media":0,"parent":0,"menu_order":0,"comment_status":"closed","ping_status":"closed","template":"template-contact.php","meta":{"footnotes":""},"acf":[],"yoast_head":"<!-- This site is optimized with the Yoast SEO plugin v22.9 - https:\/\/yoast.com\/wordpress\/plugins\/seo\/ -->\n<title>Kontakt - Festival europskog filma<\/title>\n<meta name=\"robots\" content=\"index, follow, max-snippet:-1, max-image-preview:large, max-video-preview:-1\" \/>\n<link rel=\"canonical\" href=\"https:\/\/reuf.eu\/2023\/kontakt\/\" \/>\n<meta property=\"og:locale\" content=\"en_US\" \/>\n<meta property=\"og:type\" content=\"article\" \/>\n<meta property=\"og:title\" content=\"Kontakt - Festival europskog filma\" \/>\n<meta property=\"og:description\" content=\"ODGOVORI NA NAJ\u010cE\u0160\u0106E POSTAVLJANA PITANJA 1. Nemamo mogu\u0107nost rezervacije ulaznica. 2. Za projekcije na Ljetnoj pozornici Tu\u0161kanac besplatne karte preuzimaju se na dan projekcije na blagajni Ljetne pozornice Tu\u0161kanac od 20 sati. 3. Ulaz na sve projekcije u Kinu Metropolis te KC Dubrava i NS Sesvete je slobodan (nema ulaznica), no broj sjedala je ograni\u010den...\" \/>\n<meta property=\"og:url\" content=\"https:\/\/reuf.eu\/2023\/kontakt\/\" \/>\n<meta property=\"og:site_name\" content=\"Festival europskog filma\" \/>\n<meta property=\"article:publisher\" content=\"https:\/\/www.facebook.com\/KinoMetropolis\/\" \/>\n<meta property=\"article:modified_time\" content=\"2023-07-10T13:25:20+00:00\" \/>\n<meta name=\"twitter:card\" content=\"summary_large_image\" \/>\n<meta name=\"twitter:label1\" content=\"Est. reading time\" \/>\n\t<meta name=\"twitter:data1\" content=\"1 minute\" \/>\n<script type=\"application\/ld+json\" class=\"yoast-schema-graph\">{\"@context\":\"https:\/\/schema.org\",\"@graph\":[{\"@type\":\"WebPage\",\"@id\":\"https:\/\/reuf.eu\/2023\/kontakt\/\",\"url\":\"https:\/\/reuf.eu\/2023\/kontakt\/\",\"name\":\"Kontakt - Festival europskog filma\",\"isPartOf\":{\"@id\":\"https:\/\/reuf.eu\/2023\/#website\"},\"datePublished\":\"2019-03-20T09:44:11+00:00\",\"dateModified\":\"2023-07-10T13:25:20+00:00\",\"breadcrumb\":{\"@id\":\"https:\/\/reuf.eu\/2023\/kontakt\/#breadcrumb\"},\"inLanguage\":\"en-US\",\"potentialAction\":[{\"@type\":\"ReadAction\",\"target\":[\"https:\/\/reuf.eu\/2023\/kontakt\/\"]}]},{\"@type\":\"BreadcrumbList\",\"@id\":\"https:\/\/reuf.eu\/2023\/kontakt\/#breadcrumb\",\"itemListElement\":[{\"@type\":\"ListItem\",\"position\":1,\"name\":\"Home\",\"item\":\"https:\/\/reuf.eu\/2023\/\"},{\"@type\":\"ListItem\",\"position\":2,\"name\":\"Kontakt\"}]},{\"@type\":\"WebSite\",\"@id\":\"https:\/\/reuf.eu\/2023\/#website\",\"url\":\"https:\/\/reuf.eu\/2023\/\",\"name\":\"Festival europskog filma\",\"description\":\"\",\"potentialAction\":[{\"@type\":\"SearchAction\",\"target\":{\"@type\":\"EntryPoint\",\"urlTemplate\":\"https:\/\/reuf.eu\/2023\/?s={search_term_string}\"},\"query-input\":\"required name=search_term_string\"}],\"inLanguage\":\"en-US\"}]}<\/script>\n<!-- \/ Yoast SEO plugin. -->","yoast_head_json":{"title":"Kontakt - Festival europskog filma","robots":{"index":"index","follow":"follow","max-snippet":"max-snippet:-1","max-image-preview":"max-image-preview:large","max-video-preview":"max-video-preview:-1"},"canonical":"https:\/\/reuf.eu\/2023\/kontakt\/","og_locale":"en_US","og_type":"article","og_title":"Kontakt - Festival europskog filma","og_description":"ODGOVORI NA NAJ\u010cE\u0160\u0106E POSTAVLJANA PITANJA 1. Nemamo mogu\u0107nost rezervacije ulaznica. 2. Za projekcije na Ljetnoj pozornici Tu\u0161kanac besplatne karte preuzimaju se na dan projekcije na blagajni Ljetne pozornice Tu\u0161kanac od 20 sati. 3. Ulaz na sve projekcije u Kinu Metropolis te KC Dubrava i NS Sesvete je slobodan (nema ulaznica), no broj sjedala je ograni\u010den...","og_url":"https:\/\/reuf.eu\/2023\/kontakt\/","og_site_name":"Festival europskog filma","article_publisher":"https:\/\/www.facebook.com\/KinoMetropolis\/","article_modified_time":"2023-07-10T13:25:20+00:00","twitter_card":"summary_large_image","twitter_misc":{"Est. reading time":"1 minute"},"schema":{"@context":"https:\/\/schema.org","@graph":[{"@type":"WebPage","@id":"https:\/\/reuf.eu\/2023\/kontakt\/","url":"https:\/\/reuf.eu\/2023\/kontakt\/","name":"Kontakt - Festival europskog filma","isPartOf":{"@id":"https:\/\/reuf.eu\/2023\/#website"},"datePublished":"2019-03-20T09:44:11+00:00","dateModified":"2023-07-10T13:25:20+00:00","breadcrumb":{"@id":"https:\/\/reuf.eu\/2023\/kontakt\/#breadcrumb"},"inLanguage":"en-US","potentialAction":[{"@type":"ReadAction","target":["https:\/\/reuf.eu\/2023\/kontakt\/"]}]},{"@type":"BreadcrumbList","@id":"https:\/\/reuf.eu\/2023\/kontakt\/#breadcrumb","itemListElement":[{"@type":"ListItem","position":1,"name":"Home","item":"https:\/\/reuf.eu\/2023\/"},{"@type":"ListItem","position":2,"name":"Kontakt"}]},{"@type":"WebSite","@id":"https:\/\/reuf.eu\/2023\/#website","url":"https:\/\/reuf.eu\/2023\/","name":"Festival europskog filma","description":"","potentialAction":[{"@type":"SearchAction","target":{"@type":"EntryPoint","urlTemplate":"https:\/\/reuf.eu\/2023\/?s={search_term_string}"},"query-input":"required name=search_term_string"}],"inLanguage":"en-US"}]}},"_links":{"self":[{"href":"https:\/\/reuf.eu\/2023\/wp-json\/wp\/v2\/pages\/50"}],"collection":[{"href":"https:\/\/reuf.eu\/2023\/wp-json\/wp\/v2\/pages"}],"about":[{"href":"https:\/\/reuf.eu\/2023\/wp-json\/wp\/v2\/types\/page"}],"author":[{"embeddable":true,"href":"https:\/\/reuf.eu\/2023\/wp-json\/wp\/v2\/users\/2"}],"replies":[{"embeddable":true,"href":"https:\/\/reuf.eu\/2023\/wp-json\/wp\/v2\/comments?post=50"}],"version-history":[{"count":5,"href":"https:\/\/reuf.eu\/2023\/wp-json\/wp\/v2\/pages\/50\/revisions"}],"predecessor-version":[{"id":1530,"href":"https:\/\/reuf.eu\/2023\/wp-json\/wp\/v2\/pages\/50\/revisions\/1530"}],"wp:attachment":[{"href":"https:\/\/reuf.eu\/2023\/wp-json\/wp\/v2\/media?parent=50"}],"curies":[{"name":"wp","href":"https:\/\/api.w.org\/{rel}","templated":true}]}}